{"id":3480,"date":"2024-07-02T11:50:51","date_gmt":"2024-07-02T11:50:51","guid":{"rendered":"http:\/\/globalizationinstitute.al\/?page_id=3480"},"modified":"2025-06-24T16:48:59","modified_gmt":"2025-06-24T16:48:59","slug":"analysis","status":"publish","type":"page","link":"https:\/\/globalizationinstitute.al\/sq\/analysis\/","title":{"rendered":"Analiza"},"content":{"rendered":"<div data-elementor-type=\"wp-page\" data-elementor-id=\"3480\" class=\"elementor elementor-3480\" data-elementor-post-type=\"page\">\n\t\t\t\t<div class=\"elementor-element elementor-element-19303e0 e-flex e-con-boxed e-con e-parent\" data-id=\"19303e0\" data-element_type=\"container\" data-e-type=\"container\" data-settings=\"{&quot;background_background&quot;:&quot;classic&quot;}\">\n\t\t\t\t\t<div class=\"e-con-inner\">\n\t\t\t\t<div class=\"elementor-element elementor-element-7f5a2cc2 elementor-widget__width-initial elementor-widget elementor-widget-heading\" data-id=\"7f5a2cc2\" data-element_type=\"widget\" data-e-type=\"widget\" data-widget_type=\"heading.default\">\n\t\t\t\t<div class=\"elementor-widget-container\">\n\t\t\t\t\t<h2 class=\"elementor-heading-title elementor-size-default\">Analiza<\/h2>\t\t\t\t<\/div>\n\t\t\t\t<\/div>\n\t\t\t\t\t<\/div>\n\t\t\t\t<\/div>\n\t\t<div class=\"elementor-element elementor-element-27f54fe3 e-flex e-con-boxed e-con e-parent\" data-id=\"27f54fe3\" data-element_type=\"container\" data-e-type=\"container\">\n\t\t\t\t\t<div class=\"e-con-inner\">\n\t\t<div class=\"elementor-element elementor-element-5bb28b71 e-con-full e-flex e-con e-child\" data-id=\"5bb28b71\" data-element_type=\"container\" data-e-type=\"container\">\n\t\t\t\t<div class=\"elementor-element elementor-element-33a1e827 elementor-widget elementor-widget-blogpost\" data-id=\"33a1e827\" data-element_type=\"widget\" data-e-type=\"widget\" data-widget_type=\"blogpost.default\">\n\t\t\t\t<div class=\"elementor-widget-container\">\n\t\t\t\t\t\r\n\r\n        \r\n            \r\n                <div class=\"row justify-content-center\">\r\n                                            <div class=\"col-xl-4 col-lg-6 col-md-10\">\r\n                            <div class=\"blog-post-item blog__post-three shine-animate-item\">\r\n                                                                    <div class=\"blog-post-thumb blog__post-thumb-three\">\r\n                                        <a href=\"https:\/\/globalizationinstitute.al\/sq\/80-vite-nga-gjyqet-e-tokios-dhe-azia-qe-nuk-harron\/\" class=\"shine-animate\">\r\n                                            <img fetchpriority=\"high\" decoding=\"async\" width=\"2048\" height=\"1361\" src=\"https:\/\/globalizationinstitute.al\/wp-content\/uploads\/2026\/05\/1778055034100_377.webp\" class=\"attachment-7089 size-7089 wp-post-image\" alt=\"\" full=\"\" srcset=\"https:\/\/globalizationinstitute.al\/wp-content\/uploads\/2026\/05\/1778055034100_377.webp 2048w, https:\/\/globalizationinstitute.al\/wp-content\/uploads\/2026\/05\/1778055034100_377-300x199.webp 300w, https:\/\/globalizationinstitute.al\/wp-content\/uploads\/2026\/05\/1778055034100_377-1024x681.webp 1024w, https:\/\/globalizationinstitute.al\/wp-content\/uploads\/2026\/05\/1778055034100_377-768x510.webp 768w, https:\/\/globalizationinstitute.al\/wp-content\/uploads\/2026\/05\/1778055034100_377-1536x1021.webp 1536w, https:\/\/globalizationinstitute.al\/wp-content\/uploads\/2026\/05\/1778055034100_377-18x12.webp 18w\" sizes=\"(max-width: 2048px) 100vw, 2048px\" \/>                                        <\/a>\r\n                                    <\/div>\r\n                                                                <div class=\"blog-post-content blog__post-content-three\">\r\n                                                                            <a href=\"https:\/\/globalizationinstitute.al\/sq\/category\/analysis\/\" class=\"post-tag\">Analiza<\/a>\r\n                                                                        <h2 class=\"title\"><a href=\"https:\/\/globalizationinstitute.al\/sq\/80-vite-nga-gjyqet-e-tokios-dhe-azia-qe-nuk-harron\/\">80 vite nga Gjyqet e Tokios dhe Azia q\u00eb nuk<\/a><\/h2>\r\n                                    <div class=\"blog-post-meta mb-20\">\r\n                                        <ul class=\"list-wrap\">\r\n                                            <li><i class=\"fas fa-calendar-alt\"><\/i>6 Maj, 2026<\/li>\r\n                                        <\/ul>\r\n                                    <\/div>\r\n                                    <a href=\"https:\/\/globalizationinstitute.al\/sq\/80-vite-nga-gjyqet-e-tokios-dhe-azia-qe-nuk-harron\/\" class=\"btn\">Continue Reading<\/a>\r\n                                <\/div>\r\n                            <\/div>\r\n                        <\/div>\r\n                                            <div class=\"col-xl-4 col-lg-6 col-md-10\">\r\n                            <div class=\"blog-post-item blog__post-three shine-animate-item\">\r\n                                                                    <div class=\"blog-post-thumb blog__post-thumb-three\">\r\n                                        <a href=\"https:\/\/globalizationinstitute.al\/sq\/modernizimi-i-stilit-kinez-dhe-fuqia-e-transformimit\/\" class=\"shine-animate\">\r\n                                            <img decoding=\"async\" width=\"1536\" height=\"1024\" src=\"https:\/\/globalizationinstitute.al\/wp-content\/uploads\/2026\/05\/2f4209a8-36cb-434f-bc0b-4a85498f4a10.webp\" class=\"attachment-7076 size-7076 wp-post-image\" alt=\"\" full=\"\" srcset=\"https:\/\/globalizationinstitute.al\/wp-content\/uploads\/2026\/05\/2f4209a8-36cb-434f-bc0b-4a85498f4a10.webp 1536w, https:\/\/globalizationinstitute.al\/wp-content\/uploads\/2026\/05\/2f4209a8-36cb-434f-bc0b-4a85498f4a10-300x200.webp 300w, https:\/\/globalizationinstitute.al\/wp-content\/uploads\/2026\/05\/2f4209a8-36cb-434f-bc0b-4a85498f4a10-1024x683.webp 1024w, https:\/\/globalizationinstitute.al\/wp-content\/uploads\/2026\/05\/2f4209a8-36cb-434f-bc0b-4a85498f4a10-768x512.webp 768w, https:\/\/globalizationinstitute.al\/wp-content\/uploads\/2026\/05\/2f4209a8-36cb-434f-bc0b-4a85498f4a10-18x12.webp 18w\" sizes=\"(max-width: 1536px) 100vw, 1536px\" \/>                                        <\/a>\r\n                                    <\/div>\r\n                                                                <div class=\"blog-post-content blog__post-content-three\">\r\n                                                                            <a href=\"https:\/\/globalizationinstitute.al\/sq\/category\/analysis\/\" class=\"post-tag\">Analiza<\/a>\r\n                                                                        <h2 class=\"title\"><a href=\"https:\/\/globalizationinstitute.al\/sq\/modernizimi-i-stilit-kinez-dhe-fuqia-e-transformimit\/\">&#8220;Modernizimi i stilit kinez&#8221; dhe fuqia e transformimit<\/a><\/h2>\r\n                                    <div class=\"blog-post-meta mb-20\">\r\n                                        <ul class=\"list-wrap\">\r\n                                            <li><i class=\"fas fa-calendar-alt\"><\/i>6 Maj, 2026<\/li>\r\n                                        <\/ul>\r\n                                    <\/div>\r\n                                    <a href=\"https:\/\/globalizationinstitute.al\/sq\/modernizimi-i-stilit-kinez-dhe-fuqia-e-transformimit\/\" class=\"btn\">Continue Reading<\/a>\r\n                                <\/div>\r\n                            <\/div>\r\n                        <\/div>\r\n                                            <div class=\"col-xl-4 col-lg-6 col-md-10\">\r\n                            <div class=\"blog-post-item blog__post-three shine-animate-item\">\r\n                                                                    <div class=\"blog-post-thumb blog__post-thumb-three\">\r\n                                        <a href=\"https:\/\/globalizationinstitute.al\/sq\/perse-lideret-boterore-po-shkojne-ne-pekin\/\" class=\"shine-animate\">\r\n                                            <img decoding=\"async\" width=\"612\" height=\"406\" src=\"https:\/\/globalizationinstitute.al\/wp-content\/uploads\/2026\/04\/istockphoto-491990549-612x612-1.webp\" class=\"attachment-7002 size-7002 wp-post-image\" alt=\"\" full=\"\" srcset=\"https:\/\/globalizationinstitute.al\/wp-content\/uploads\/2026\/04\/istockphoto-491990549-612x612-1.webp 612w, https:\/\/globalizationinstitute.al\/wp-content\/uploads\/2026\/04\/istockphoto-491990549-612x612-1-300x199.webp 300w, https:\/\/globalizationinstitute.al\/wp-content\/uploads\/2026\/04\/istockphoto-491990549-612x612-1-18x12.webp 18w\" sizes=\"(max-width: 612px) 100vw, 612px\" \/>                                        <\/a>\r\n                                    <\/div>\r\n                                                                <div class=\"blog-post-content blog__post-content-three\">\r\n                                                                            <a href=\"https:\/\/globalizationinstitute.al\/sq\/category\/analysis\/\" class=\"post-tag\">Analiza<\/a>\r\n                                                                        <h2 class=\"title\"><a href=\"https:\/\/globalizationinstitute.al\/sq\/perse-lideret-boterore-po-shkojne-ne-pekin\/\">P\u00ebrse lider\u00ebt bot\u00ebror\u00eb po shkojn\u00eb n\u00eb Pekin?<\/a><\/h2>\r\n                                    <div class=\"blog-post-meta mb-20\">\r\n                                        <ul class=\"list-wrap\">\r\n                                            <li><i class=\"fas fa-calendar-alt\"><\/i>25 Prill, 2026<\/li>\r\n                                        <\/ul>\r\n                                    <\/div>\r\n                                    <a href=\"https:\/\/globalizationinstitute.al\/sq\/perse-lideret-boterore-po-shkojne-ne-pekin\/\" class=\"btn\">Continue Reading<\/a>\r\n                                <\/div>\r\n                            <\/div>\r\n                        <\/div>\r\n                                    <\/div>\r\n\r\n            \r\n\r\n        \r\n\t\t\t\t<\/div>\n\t\t\t\t<\/div>\n\t\t\t\t<\/div>\n\t\t<div class=\"elementor-element elementor-element-30ba63c9 e-con-full e-flex e-con e-child\" data-id=\"30ba63c9\" data-element_type=\"container\" data-e-type=\"container\">\n\t\t\t\t<div class=\"elementor-element elementor-element-545515bc elementor-widget elementor-widget-sidebar\" data-id=\"545515bc\" data-element_type=\"widget\" data-e-type=\"widget\" data-widget_type=\"sidebar.default\">\n\t\t\t\t<div class=\"elementor-widget-container\">\n\t\t\t\t\t<div id=\"genix-latest-posts-1\" class=\"sidebar__widget widget widget_genix-latest-posts\"><h4 class=\"sidebar__widget-title\">            Postimet e fundit            <\/h4>        \r\n        <div class=\"sidebar__post-list\">\r\n            \r\n                    <div class=\"sidebar__post-item\">\r\n\r\n                                                    <div class=\"sidebar__post-thumb\">\r\n                                <a href=\"https:\/\/globalizationinstitute.al\/sq\/kryeministri-li-qiang-i-dergon-nje-mesazh-urimi-kryeministrit-te-sapoemeruar-bullgar-radev\/\">\r\n                                    <img decoding=\"async\" src=\"https:\/\/globalizationinstitute.al\/wp-content\/uploads\/2026\/05\/1778244115478_156.webp\" alt=\"img\">\r\n                                <\/a>\r\n                            <\/div>\r\n                        \r\n                        <div class=\"sidebar__post-content\">\r\n                            <h5 class=\"title\"><a href=\"https:\/\/globalizationinstitute.al\/sq\/kryeministri-li-qiang-i-dergon-nje-mesazh-urimi-kryeministrit-te-sapoemeruar-bullgar-radev\/\">Kryeministri Li Qiang i d\u00ebrgon<\/a><\/h5>\r\n                            <span class=\"date\">\r\n                                <i class=\"flaticon-time\"><\/i>8 Maj, 2026                            <\/span>\r\n                        <\/div>\r\n                    <\/div>\r\n\r\n            \r\n                    <div class=\"sidebar__post-item\">\r\n\r\n                                                    <div class=\"sidebar__post-thumb\">\r\n                                <a href=\"https:\/\/globalizationinstitute.al\/sq\/princi-i-kurores-se-bruneit-do-te-vizitoje-kinen\/\">\r\n                                    <img decoding=\"async\" src=\"https:\/\/globalizationinstitute.al\/wp-content\/uploads\/2026\/05\/1778230896402_985.webp\" alt=\"img\">\r\n                                <\/a>\r\n                            <\/div>\r\n                        \r\n                        <div class=\"sidebar__post-content\">\r\n                            <h5 class=\"title\"><a href=\"https:\/\/globalizationinstitute.al\/sq\/princi-i-kurores-se-bruneit-do-te-vizitoje-kinen\/\">Princi i Kuror\u00ebs s\u00eb Bruneit<\/a><\/h5>\r\n                            <span class=\"date\">\r\n                                <i class=\"flaticon-time\"><\/i>8 Maj, 2026                            <\/span>\r\n                        <\/div>\r\n                    <\/div>\r\n\r\n            \r\n                    <div class=\"sidebar__post-item\">\r\n\r\n                                                    <div class=\"sidebar__post-thumb\">\r\n                                <a href=\"https:\/\/globalizationinstitute.al\/sq\/kina-organizon-bisedime-per-qeverisjen-e-sigurise-mes-sfidave-globale-ne-rritje\/\">\r\n                                    <img decoding=\"async\" src=\"https:\/\/globalizationinstitute.al\/wp-content\/uploads\/2026\/05\/1778230944460_538.webp\" alt=\"img\">\r\n                                <\/a>\r\n                            <\/div>\r\n                        \r\n                        <div class=\"sidebar__post-content\">\r\n                            <h5 class=\"title\"><a href=\"https:\/\/globalizationinstitute.al\/sq\/kina-organizon-bisedime-per-qeverisjen-e-sigurise-mes-sfidave-globale-ne-rritje\/\">Kina organizon bisedime p\u00ebr qeverisjen<\/a><\/h5>\r\n                            <span class=\"date\">\r\n                                <i class=\"flaticon-time\"><\/i>8 Maj, 2026                            <\/span>\r\n                        <\/div>\r\n                    <\/div>\r\n\r\n            \r\n                    <div class=\"sidebar__post-item\">\r\n\r\n                                                    <div class=\"sidebar__post-thumb\">\r\n                                <a href=\"https:\/\/globalizationinstitute.al\/sq\/kryediplomati-kinez-takohet-me-senatorin-amerikan-steve-daines\/\">\r\n                                    <img decoding=\"async\" src=\"https:\/\/globalizationinstitute.al\/wp-content\/uploads\/2026\/05\/1778144999901_254.webp\" alt=\"img\">\r\n                                <\/a>\r\n                            <\/div>\r\n                        \r\n                        <div class=\"sidebar__post-content\">\r\n                            <h5 class=\"title\"><a href=\"https:\/\/globalizationinstitute.al\/sq\/kryediplomati-kinez-takohet-me-senatorin-amerikan-steve-daines\/\">Kryediplomati kinez takohet me senatorin<\/a><\/h5>\r\n                            <span class=\"date\">\r\n                                <i class=\"flaticon-time\"><\/i>7 Maj, 2026                            <\/span>\r\n                        <\/div>\r\n                    <\/div>\r\n\r\n            \r\n                    <div class=\"sidebar__post-item\">\r\n\r\n                                                    <div class=\"sidebar__post-thumb\">\r\n                                <a href=\"https:\/\/globalizationinstitute.al\/sq\/kina-i-kerkon-japonise-te-perballet-me-shkakun-rrenjesor-te-tensioneve-dhe-te-korrigjoje-gabimet\/\">\r\n                                    <img decoding=\"async\" src=\"https:\/\/globalizationinstitute.al\/wp-content\/uploads\/2026\/05\/1778159177960_473.webp\" alt=\"img\">\r\n                                <\/a>\r\n                            <\/div>\r\n                        \r\n                        <div class=\"sidebar__post-content\">\r\n                            <h5 class=\"title\"><a href=\"https:\/\/globalizationinstitute.al\/sq\/kina-i-kerkon-japonise-te-perballet-me-shkakun-rrenjesor-te-tensioneve-dhe-te-korrigjoje-gabimet\/\">Kina i k\u00ebrkon Japonis\u00eb t\u00eb<\/a><\/h5>\r\n                            <span class=\"date\">\r\n                                <i class=\"flaticon-time\"><\/i>7 Maj, 2026                            <\/span>\r\n                        <\/div>\r\n                    <\/div>\r\n\r\n            \r\n                    <div class=\"sidebar__post-item\">\r\n\r\n                                                    <div class=\"sidebar__post-thumb\">\r\n                                <a href=\"https:\/\/globalizationinstitute.al\/sq\/80-vite-nga-gjyqet-e-tokios-dhe-azia-qe-nuk-harron\/\">\r\n                                    <img decoding=\"async\" src=\"https:\/\/globalizationinstitute.al\/wp-content\/uploads\/2026\/05\/1778055034100_377.webp\" alt=\"img\">\r\n                                <\/a>\r\n                            <\/div>\r\n                        \r\n                        <div class=\"sidebar__post-content\">\r\n                            <h5 class=\"title\"><a href=\"https:\/\/globalizationinstitute.al\/sq\/80-vite-nga-gjyqet-e-tokios-dhe-azia-qe-nuk-harron\/\">80 vite nga Gjyqet e<\/a><\/h5>\r\n                            <span class=\"date\">\r\n                                <i class=\"flaticon-time\"><\/i>6 Maj, 2026                            <\/span>\r\n                        <\/div>\r\n                    <\/div>\r\n\r\n            \r\n                    <div class=\"sidebar__post-item\">\r\n\r\n                                                    <div class=\"sidebar__post-thumb\">\r\n                                <a href=\"https:\/\/globalizationinstitute.al\/sq\/i-derguari-i-posacem-i-presidentit-xi-jinping-luosang-jiangcun-do-te-marre-pjese-ne-ceremonite-e-inaugurimit-presidencial-te-xhibutit-dhe-ugandes\/\">\r\n                                    <img decoding=\"async\" src=\"https:\/\/globalizationinstitute.al\/wp-content\/uploads\/2026\/05\/1778062525401_709.webp\" alt=\"img\">\r\n                                <\/a>\r\n                            <\/div>\r\n                        \r\n                        <div class=\"sidebar__post-content\">\r\n                            <h5 class=\"title\"><a href=\"https:\/\/globalizationinstitute.al\/sq\/i-derguari-i-posacem-i-presidentit-xi-jinping-luosang-jiangcun-do-te-marre-pjese-ne-ceremonite-e-inaugurimit-presidencial-te-xhibutit-dhe-ugandes\/\">I d\u00ebrguari i posa\u00e7\u00ebm i<\/a><\/h5>\r\n                            <span class=\"date\">\r\n                                <i class=\"flaticon-time\"><\/i>6 Maj, 2026                            <\/span>\r\n                        <\/div>\r\n                    <\/div>\r\n\r\n            \r\n                    <div class=\"sidebar__post-item\">\r\n\r\n                                                    <div class=\"sidebar__post-thumb\">\r\n                                <a href=\"https:\/\/globalizationinstitute.al\/sq\/ministri-i-jashtem-i-kines-wang-yi-zhvillon-bisedime-me-homologun-e-tij-iranian\/\">\r\n                                    <img decoding=\"async\" src=\"https:\/\/globalizationinstitute.al\/wp-content\/uploads\/2026\/05\/1778062246432_929.webp\" alt=\"img\">\r\n                                <\/a>\r\n                            <\/div>\r\n                        \r\n                        <div class=\"sidebar__post-content\">\r\n                            <h5 class=\"title\"><a href=\"https:\/\/globalizationinstitute.al\/sq\/ministri-i-jashtem-i-kines-wang-yi-zhvillon-bisedime-me-homologun-e-tij-iranian\/\">Ministri i Jasht\u00ebm i Kin\u00ebs<\/a><\/h5>\r\n                            <span class=\"date\">\r\n                                <i class=\"flaticon-time\"><\/i>6 Maj, 2026                            <\/span>\r\n                        <\/div>\r\n                    <\/div>\r\n\r\n            \r\n                    <div class=\"sidebar__post-item\">\r\n\r\n                                                    <div class=\"sidebar__post-thumb\">\r\n                                <a href=\"https:\/\/globalizationinstitute.al\/sq\/zedhenesi-kina-dhe-shba-mbajne-komunikime-mbi-viziten-e-trump-ne-kine\/\">\r\n                                    <img decoding=\"async\" src=\"https:\/\/globalizationinstitute.al\/wp-content\/uploads\/2026\/05\/1778068209626_960.webp\" alt=\"img\">\r\n                                <\/a>\r\n                            <\/div>\r\n                        \r\n                        <div class=\"sidebar__post-content\">\r\n                            <h5 class=\"title\"><a href=\"https:\/\/globalizationinstitute.al\/sq\/zedhenesi-kina-dhe-shba-mbajne-komunikime-mbi-viziten-e-trump-ne-kine\/\">Z\u00ebdh\u00ebn\u00ebsi: Kina dhe ShBA mbajn\u00eb<\/a><\/h5>\r\n                            <span class=\"date\">\r\n                                <i class=\"flaticon-time\"><\/i>6 Maj, 2026                            <\/span>\r\n                        <\/div>\r\n                    <\/div>\r\n\r\n            \r\n                    <div class=\"sidebar__post-item\">\r\n\r\n                                                    <div class=\"sidebar__post-thumb\">\r\n                                <a href=\"https:\/\/globalizationinstitute.al\/sq\/modernizimi-i-stilit-kinez-dhe-fuqia-e-transformimit\/\">\r\n                                    <img decoding=\"async\" src=\"https:\/\/globalizationinstitute.al\/wp-content\/uploads\/2026\/05\/2f4209a8-36cb-434f-bc0b-4a85498f4a10.webp\" alt=\"img\">\r\n                                <\/a>\r\n                            <\/div>\r\n                        \r\n                        <div class=\"sidebar__post-content\">\r\n                            <h5 class=\"title\"><a href=\"https:\/\/globalizationinstitute.al\/sq\/modernizimi-i-stilit-kinez-dhe-fuqia-e-transformimit\/\">&#8220;Modernizimi i stilit kinez&#8221; dhe<\/a><\/h5>\r\n                            <span class=\"date\">\r\n                                <i class=\"flaticon-time\"><\/i>6 Maj, 2026                            <\/span>\r\n                        <\/div>\r\n                    <\/div>\r\n\r\n                    <\/div>\r\n\r\n        <\/div>\r\n    \t\t\t\t<\/div>\n\t\t\t\t<\/div>\n\t\t\t\t<\/div>\n\t\t\t\t\t<\/div>\n\t\t\t\t<\/div>\n\t\t\t\t<\/div>","protected":false},"excerpt":{"rendered":"<p>Analysis Analysis Realiteti i Kin\u00ebs si p\u00ebrvoj\u00eb, jo retorik\u00eb June 24, 2025 Continue Reading Analysis Marr\u00ebdh\u00ebniet Kin\u00eb-BE: strategji, p\u00ebrshtatje dhe form\u00ebsim June 22, 2025 Continue Reading Analysis Xiameni dhe qeverisja e Kin\u00ebs June 22, 2025 Continue Reading<\/p>","protected":false},"author":1,"featured_media":0,"parent":0,"menu_order":0,"comment_status":"closed","ping_status":"closed","template":"elementor_header_footer","meta":{"_acf_changed":false,"footnotes":""},"class_list":["post-3480","page","type-page","status-publish","hentry"],"acf":[],"_links":{"self":[{"href":"https:\/\/globalizationinstitute.al\/sq\/wp-json\/wp\/v2\/pages\/3480","targetHints":{"allow":["GET"]}}],"collection":[{"href":"https:\/\/globalizationinstitute.al\/sq\/wp-json\/wp\/v2\/pages"}],"about":[{"href":"https:\/\/globalizationinstitute.al\/sq\/wp-json\/wp\/v2\/types\/page"}],"author":[{"embeddable":true,"href":"https:\/\/globalizationinstitute.al\/sq\/wp-json\/wp\/v2\/users\/1"}],"replies":[{"embeddable":true,"href":"https:\/\/globalizationinstitute.al\/sq\/wp-json\/wp\/v2\/comments?post=3480"}],"version-history":[{"count":26,"href":"https:\/\/globalizationinstitute.al\/sq\/wp-json\/wp\/v2\/pages\/3480\/revisions"}],"predecessor-version":[{"id":4462,"href":"https:\/\/globalizationinstitute.al\/sq\/wp-json\/wp\/v2\/pages\/3480\/revisions\/4462"}],"wp:attachment":[{"href":"https:\/\/globalizationinstitute.al\/sq\/wp-json\/wp\/v2\/media?parent=3480"}],"curies":[{"name":"wp","href":"https:\/\/api.w.org\/{rel}","templated":true}]}}