{"id":3851,"date":"2024-07-06T20:14:38","date_gmt":"2024-07-06T20:14:38","guid":{"rendered":"https:\/\/globalizationinstitute.al\/?page_id=3851"},"modified":"2024-07-06T20:16:18","modified_gmt":"2024-07-06T20:16:18","slug":"news-events-2","status":"publish","type":"page","link":"https:\/\/globalizationinstitute.al\/sq\/news-events-2\/","title":{"rendered":"Lajme &amp; Ngjarje"},"content":{"rendered":"<div data-elementor-type=\"wp-page\" data-elementor-id=\"3851\" class=\"elementor elementor-3851\" data-elementor-post-type=\"page\">\n\t\t\t\t<div class=\"elementor-element elementor-element-12e033f e-flex e-con-boxed e-con e-parent\" data-id=\"12e033f\" data-element_type=\"container\" data-e-type=\"container\" data-settings=\"{&quot;background_background&quot;:&quot;classic&quot;}\">\n\t\t\t\t\t<div class=\"e-con-inner\">\n\t\t\t\t<div class=\"elementor-element elementor-element-183f54f elementor-widget__width-initial elementor-widget elementor-widget-heading\" data-id=\"183f54f\" data-element_type=\"widget\" data-e-type=\"widget\" data-widget_type=\"heading.default\">\n\t\t\t\t<div class=\"elementor-widget-container\">\n\t\t\t\t\t<h2 class=\"elementor-heading-title elementor-size-default\">Lajme &amp; Ngjarje<\/h2>\t\t\t\t<\/div>\n\t\t\t\t<\/div>\n\t\t\t\t\t<\/div>\n\t\t\t\t<\/div>\n\t\t<div class=\"elementor-element elementor-element-c5ae206 e-flex e-con-boxed e-con e-parent\" data-id=\"c5ae206\" data-element_type=\"container\" data-e-type=\"container\">\n\t\t\t\t\t<div class=\"e-con-inner\">\n\t\t<div class=\"elementor-element elementor-element-20fc16a e-con-full e-flex e-con e-child\" data-id=\"20fc16a\" data-element_type=\"container\" data-e-type=\"container\">\n\t\t\t\t<div class=\"elementor-element elementor-element-f2259fc elementor-widget elementor-widget-blogpost\" data-id=\"f2259fc\" data-element_type=\"widget\" data-e-type=\"widget\" data-widget_type=\"blogpost.default\">\n\t\t\t\t<div class=\"elementor-widget-container\">\n\t\t\t\t\t\r\n\r\n        \r\n            \r\n                <div class=\"row justify-content-center\">\r\n                                            <div class=\"col-xl-4 col-lg-6 col-md-10\">\r\n                            <div class=\"blog-post-item blog__post-three shine-animate-item\">\r\n                                                                    <div class=\"blog-post-thumb blog__post-thumb-three\">\r\n                                        <a href=\"https:\/\/globalizationinstitute.al\/sq\/ningbo-a-pioneering-city-in-fostering-young-talent-in-science-and-technology\/\" class=\"shine-animate\">\r\n                                            <img fetchpriority=\"high\" decoding=\"async\" width=\"1600\" height=\"900\" src=\"https:\/\/globalizationinstitute.al\/wp-content\/uploads\/2025\/05\/Image_20250523085930.jpg\" class=\"attachment-4164 size-4164 wp-post-image\" alt=\"\" full=\"\" srcset=\"https:\/\/globalizationinstitute.al\/wp-content\/uploads\/2025\/05\/Image_20250523085930.jpg 1600w, https:\/\/globalizationinstitute.al\/wp-content\/uploads\/2025\/05\/Image_20250523085930-300x169.jpg 300w, https:\/\/globalizationinstitute.al\/wp-content\/uploads\/2025\/05\/Image_20250523085930-1024x576.jpg 1024w, https:\/\/globalizationinstitute.al\/wp-content\/uploads\/2025\/05\/Image_20250523085930-768x432.jpg 768w, https:\/\/globalizationinstitute.al\/wp-content\/uploads\/2025\/05\/Image_20250523085930-1536x864.jpg 1536w, https:\/\/globalizationinstitute.al\/wp-content\/uploads\/2025\/05\/Image_20250523085930-18x10.jpg 18w\" sizes=\"(max-width: 1600px) 100vw, 1600px\" \/>                                        <\/a>\r\n                                    <\/div>\r\n                                                                <div class=\"blog-post-content blog__post-content-three\">\r\n                                                                            <a href=\"https:\/\/globalizationinstitute.al\/sq\/category\/news-and-events\/\" class=\"post-tag\">Lajme &amp; Ngjarje<\/a>\r\n                                                                        <h2 class=\"title\"><a href=\"https:\/\/globalizationinstitute.al\/sq\/ningbo-a-pioneering-city-in-fostering-young-talent-in-science-and-technology\/\">Ningbo: A pioneering city in fostering young talent in science<\/a><\/h2>\r\n                                    <div class=\"blog-post-meta mb-20\">\r\n                                        <ul class=\"list-wrap\">\r\n                                            <li><i class=\"fas fa-calendar-alt\"><\/i>23 Maj, 2025<\/li>\r\n                                        <\/ul>\r\n                                    <\/div>\r\n                                    <a href=\"https:\/\/globalizationinstitute.al\/sq\/ningbo-a-pioneering-city-in-fostering-young-talent-in-science-and-technology\/\" class=\"btn\">Continue Reading<\/a>\r\n                                <\/div>\r\n                            <\/div>\r\n                        <\/div>\r\n                                            <div class=\"col-xl-4 col-lg-6 col-md-10\">\r\n                            <div class=\"blog-post-item blog__post-three shine-animate-item\">\r\n                                                                    <div class=\"blog-post-thumb blog__post-thumb-three\">\r\n                                        <a href=\"https:\/\/globalizationinstitute.al\/sq\/budapest-international-academic-seminar\/\" class=\"shine-animate\">\r\n                                            <img decoding=\"async\" width=\"2560\" height=\"1731\" src=\"https:\/\/globalizationinstitute.al\/wp-content\/uploads\/2025\/05\/1-scaled.jpg\" class=\"attachment-4156 size-4156 wp-post-image\" alt=\"\" full=\"\" srcset=\"https:\/\/globalizationinstitute.al\/wp-content\/uploads\/2025\/05\/1-scaled.jpg 2560w, https:\/\/globalizationinstitute.al\/wp-content\/uploads\/2025\/05\/1-300x203.jpg 300w, https:\/\/globalizationinstitute.al\/wp-content\/uploads\/2025\/05\/1-1024x692.jpg 1024w, https:\/\/globalizationinstitute.al\/wp-content\/uploads\/2025\/05\/1-768x519.jpg 768w, https:\/\/globalizationinstitute.al\/wp-content\/uploads\/2025\/05\/1-1536x1038.jpg 1536w, https:\/\/globalizationinstitute.al\/wp-content\/uploads\/2025\/05\/1-18x12.jpg 18w\" sizes=\"(max-width: 2560px) 100vw, 2560px\" \/>                                        <\/a>\r\n                                    <\/div>\r\n                                                                <div class=\"blog-post-content blog__post-content-three\">\r\n                                                                            <a href=\"https:\/\/globalizationinstitute.al\/sq\/category\/news-and-events\/\" class=\"post-tag\">Lajme &amp; Ngjarje<\/a>\r\n                                                                        <h2 class=\"title\"><a href=\"https:\/\/globalizationinstitute.al\/sq\/budapest-international-academic-seminar\/\">Platforma Kin\u00eb-EQL n\u00eb fokusin e akademik\u00ebve<\/a><\/h2>\r\n                                    <div class=\"blog-post-meta mb-20\">\r\n                                        <ul class=\"list-wrap\">\r\n                                            <li><i class=\"fas fa-calendar-alt\"><\/i>23 Maj, 2025<\/li>\r\n                                        <\/ul>\r\n                                    <\/div>\r\n                                    <a href=\"https:\/\/globalizationinstitute.al\/sq\/budapest-international-academic-seminar\/\" class=\"btn\">Continue Reading<\/a>\r\n                                <\/div>\r\n                            <\/div>\r\n                        <\/div>\r\n                                            <div class=\"col-xl-4 col-lg-6 col-md-10\">\r\n                            <div class=\"blog-post-item blog__post-three shine-animate-item\">\r\n                                                                    <div class=\"blog-post-thumb blog__post-thumb-three\">\r\n                                        <a href=\"https:\/\/globalizationinstitute.al\/sq\/forumi-nderkombetar-i-china-media-group-cmg\/\" class=\"shine-animate\">\r\n                                            <img decoding=\"async\" width=\"981\" height=\"548\" src=\"https:\/\/globalizationinstitute.al\/wp-content\/uploads\/2025\/04\/1.jpg\" class=\"attachment-4147 size-4147 wp-post-image\" alt=\"\" full=\"\" srcset=\"https:\/\/globalizationinstitute.al\/wp-content\/uploads\/2025\/04\/1.jpg 981w, https:\/\/globalizationinstitute.al\/wp-content\/uploads\/2025\/04\/1-300x168.jpg 300w, https:\/\/globalizationinstitute.al\/wp-content\/uploads\/2025\/04\/1-768x429.jpg 768w, https:\/\/globalizationinstitute.al\/wp-content\/uploads\/2025\/04\/1-18x10.jpg 18w\" sizes=\"(max-width: 981px) 100vw, 981px\" \/>                                        <\/a>\r\n                                    <\/div>\r\n                                                                <div class=\"blog-post-content blog__post-content-three\">\r\n                                                                            <a href=\"https:\/\/globalizationinstitute.al\/sq\/category\/news-and-events\/\" class=\"post-tag\">Lajme &amp; Ngjarje<\/a>\r\n                                                                        <h2 class=\"title\"><a href=\"https:\/\/globalizationinstitute.al\/sq\/forumi-nderkombetar-i-china-media-group-cmg\/\">China Media Group (CMG) Forum<\/a><\/h2>\r\n                                    <div class=\"blog-post-meta mb-20\">\r\n                                        <ul class=\"list-wrap\">\r\n                                            <li><i class=\"fas fa-calendar-alt\"><\/i>30 Prill, 2025<\/li>\r\n                                        <\/ul>\r\n                                    <\/div>\r\n                                    <a href=\"https:\/\/globalizationinstitute.al\/sq\/forumi-nderkombetar-i-china-media-group-cmg\/\" class=\"btn\">Continue Reading<\/a>\r\n                                <\/div>\r\n                            <\/div>\r\n                        <\/div>\r\n                                    <\/div>\r\n\r\n            \r\n\r\n        \r\n\t\t\t\t<\/div>\n\t\t\t\t<\/div>\n\t\t\t\t<\/div>\n\t\t<div class=\"elementor-element elementor-element-6046c50 e-con-full e-flex e-con e-child\" data-id=\"6046c50\" data-element_type=\"container\" data-e-type=\"container\">\n\t\t\t\t<div class=\"elementor-element elementor-element-0e0de3f elementor-widget elementor-widget-sidebar\" data-id=\"0e0de3f\" data-element_type=\"widget\" data-e-type=\"widget\" data-widget_type=\"sidebar.default\">\n\t\t\t\t<div class=\"elementor-widget-container\">\n\t\t\t\t\t<div id=\"genix-latest-posts-1\" class=\"sidebar__widget widget widget_genix-latest-posts\"><h4 class=\"sidebar__widget-title\">            Postimet e fundit            <\/h4>        \r\n        <div class=\"sidebar__post-list\">\r\n            \r\n                    <div class=\"sidebar__post-item\">\r\n\r\n                                                    <div class=\"sidebar__post-thumb\">\r\n                                <a href=\"https:\/\/globalizationinstitute.al\/sq\/zv-kryeministri-i-kines-ben-thirrje-per-forcimin-e-kerkimit-baze-dhe-inovacionit\/\">\r\n                                    <img decoding=\"async\" src=\"https:\/\/globalizationinstitute.al\/wp-content\/uploads\/2026\/05\/1778321174637_160-scaled.webp\" alt=\"img\">\r\n                                <\/a>\r\n                            <\/div>\r\n                        \r\n                        <div class=\"sidebar__post-content\">\r\n                            <h5 class=\"title\"><a href=\"https:\/\/globalizationinstitute.al\/sq\/zv-kryeministri-i-kines-ben-thirrje-per-forcimin-e-kerkimit-baze-dhe-inovacionit\/\">Zv\/Kryeministri i Kin\u00ebs b\u00ebn thirrje<\/a><\/h5>\r\n                            <span class=\"date\">\r\n                                <i class=\"flaticon-time\"><\/i>9 Maj, 2026                            <\/span>\r\n                        <\/div>\r\n                    <\/div>\r\n\r\n            \r\n                    <div class=\"sidebar__post-item\">\r\n\r\n                                                    <div class=\"sidebar__post-thumb\">\r\n                                <a href=\"https:\/\/globalizationinstitute.al\/sq\/tregtia-e-jashtme-e-kines-ne-prill-tejkalon-pritshmerite-e-tregut\/\">\r\n                                    <img decoding=\"async\" src=\"https:\/\/globalizationinstitute.al\/wp-content\/uploads\/2026\/05\/1778321439913_408.webp\" alt=\"img\">\r\n                                <\/a>\r\n                            <\/div>\r\n                        \r\n                        <div class=\"sidebar__post-content\">\r\n                            <h5 class=\"title\"><a href=\"https:\/\/globalizationinstitute.al\/sq\/tregtia-e-jashtme-e-kines-ne-prill-tejkalon-pritshmerite-e-tregut\/\">Tregtia e jashtme e Kin\u00ebs<\/a><\/h5>\r\n                            <span class=\"date\">\r\n                                <i class=\"flaticon-time\"><\/i>9 Maj, 2026                            <\/span>\r\n                        <\/div>\r\n                    <\/div>\r\n\r\n            \r\n                    <div class=\"sidebar__post-item\">\r\n\r\n                                                    <div class=\"sidebar__post-thumb\">\r\n                                <a href=\"https:\/\/globalizationinstitute.al\/sq\/kryeministri-li-qiang-i-dergon-nje-mesazh-urimi-kryeministrit-te-sapoemeruar-bullgar-radev\/\">\r\n                                    <img decoding=\"async\" src=\"https:\/\/globalizationinstitute.al\/wp-content\/uploads\/2026\/05\/1778244115478_156.webp\" alt=\"img\">\r\n                                <\/a>\r\n                            <\/div>\r\n                        \r\n                        <div class=\"sidebar__post-content\">\r\n                            <h5 class=\"title\"><a href=\"https:\/\/globalizationinstitute.al\/sq\/kryeministri-li-qiang-i-dergon-nje-mesazh-urimi-kryeministrit-te-sapoemeruar-bullgar-radev\/\">Kryeministri Li Qiang i d\u00ebrgon<\/a><\/h5>\r\n                            <span class=\"date\">\r\n                                <i class=\"flaticon-time\"><\/i>8 Maj, 2026                            <\/span>\r\n                        <\/div>\r\n                    <\/div>\r\n\r\n            \r\n                    <div class=\"sidebar__post-item\">\r\n\r\n                                                    <div class=\"sidebar__post-thumb\">\r\n                                <a href=\"https:\/\/globalizationinstitute.al\/sq\/princi-i-kurores-se-bruneit-do-te-vizitoje-kinen\/\">\r\n                                    <img decoding=\"async\" src=\"https:\/\/globalizationinstitute.al\/wp-content\/uploads\/2026\/05\/1778230896402_985.webp\" alt=\"img\">\r\n                                <\/a>\r\n                            <\/div>\r\n                        \r\n                        <div class=\"sidebar__post-content\">\r\n                            <h5 class=\"title\"><a href=\"https:\/\/globalizationinstitute.al\/sq\/princi-i-kurores-se-bruneit-do-te-vizitoje-kinen\/\">Princi i Kuror\u00ebs s\u00eb Bruneit<\/a><\/h5>\r\n                            <span class=\"date\">\r\n                                <i class=\"flaticon-time\"><\/i>8 Maj, 2026                            <\/span>\r\n                        <\/div>\r\n                    <\/div>\r\n\r\n            \r\n                    <div class=\"sidebar__post-item\">\r\n\r\n                                                    <div class=\"sidebar__post-thumb\">\r\n                                <a href=\"https:\/\/globalizationinstitute.al\/sq\/kina-organizon-bisedime-per-qeverisjen-e-sigurise-mes-sfidave-globale-ne-rritje\/\">\r\n                                    <img decoding=\"async\" src=\"https:\/\/globalizationinstitute.al\/wp-content\/uploads\/2026\/05\/1778230944460_538.webp\" alt=\"img\">\r\n                                <\/a>\r\n                            <\/div>\r\n                        \r\n                        <div class=\"sidebar__post-content\">\r\n                            <h5 class=\"title\"><a href=\"https:\/\/globalizationinstitute.al\/sq\/kina-organizon-bisedime-per-qeverisjen-e-sigurise-mes-sfidave-globale-ne-rritje\/\">Kina organizon bisedime p\u00ebr qeverisjen<\/a><\/h5>\r\n                            <span class=\"date\">\r\n                                <i class=\"flaticon-time\"><\/i>8 Maj, 2026                            <\/span>\r\n                        <\/div>\r\n                    <\/div>\r\n\r\n            \r\n                    <div class=\"sidebar__post-item\">\r\n\r\n                                                    <div class=\"sidebar__post-thumb\">\r\n                                <a href=\"https:\/\/globalizationinstitute.al\/sq\/kryediplomati-kinez-takohet-me-senatorin-amerikan-steve-daines\/\">\r\n                                    <img decoding=\"async\" src=\"https:\/\/globalizationinstitute.al\/wp-content\/uploads\/2026\/05\/1778144999901_254.webp\" alt=\"img\">\r\n                                <\/a>\r\n                            <\/div>\r\n                        \r\n                        <div class=\"sidebar__post-content\">\r\n                            <h5 class=\"title\"><a href=\"https:\/\/globalizationinstitute.al\/sq\/kryediplomati-kinez-takohet-me-senatorin-amerikan-steve-daines\/\">Kryediplomati kinez takohet me senatorin<\/a><\/h5>\r\n                            <span class=\"date\">\r\n                                <i class=\"flaticon-time\"><\/i>7 Maj, 2026                            <\/span>\r\n                        <\/div>\r\n                    <\/div>\r\n\r\n            \r\n                    <div class=\"sidebar__post-item\">\r\n\r\n                                                    <div class=\"sidebar__post-thumb\">\r\n                                <a href=\"https:\/\/globalizationinstitute.al\/sq\/kina-i-kerkon-japonise-te-perballet-me-shkakun-rrenjesor-te-tensioneve-dhe-te-korrigjoje-gabimet\/\">\r\n                                    <img decoding=\"async\" src=\"https:\/\/globalizationinstitute.al\/wp-content\/uploads\/2026\/05\/1778159177960_473.webp\" alt=\"img\">\r\n                                <\/a>\r\n                            <\/div>\r\n                        \r\n                        <div class=\"sidebar__post-content\">\r\n                            <h5 class=\"title\"><a href=\"https:\/\/globalizationinstitute.al\/sq\/kina-i-kerkon-japonise-te-perballet-me-shkakun-rrenjesor-te-tensioneve-dhe-te-korrigjoje-gabimet\/\">Kina i k\u00ebrkon Japonis\u00eb t\u00eb<\/a><\/h5>\r\n                            <span class=\"date\">\r\n                                <i class=\"flaticon-time\"><\/i>7 Maj, 2026                            <\/span>\r\n                        <\/div>\r\n                    <\/div>\r\n\r\n            \r\n                    <div class=\"sidebar__post-item\">\r\n\r\n                                                    <div class=\"sidebar__post-thumb\">\r\n                                <a href=\"https:\/\/globalizationinstitute.al\/sq\/80-vite-nga-gjyqet-e-tokios-dhe-azia-qe-nuk-harron\/\">\r\n                                    <img decoding=\"async\" src=\"https:\/\/globalizationinstitute.al\/wp-content\/uploads\/2026\/05\/1778055034100_377.webp\" alt=\"img\">\r\n                                <\/a>\r\n                            <\/div>\r\n                        \r\n                        <div class=\"sidebar__post-content\">\r\n                            <h5 class=\"title\"><a href=\"https:\/\/globalizationinstitute.al\/sq\/80-vite-nga-gjyqet-e-tokios-dhe-azia-qe-nuk-harron\/\">80 vite nga Gjyqet e<\/a><\/h5>\r\n                            <span class=\"date\">\r\n                                <i class=\"flaticon-time\"><\/i>6 Maj, 2026                            <\/span>\r\n                        <\/div>\r\n                    <\/div>\r\n\r\n            \r\n                    <div class=\"sidebar__post-item\">\r\n\r\n                                                    <div class=\"sidebar__post-thumb\">\r\n                                <a href=\"https:\/\/globalizationinstitute.al\/sq\/i-derguari-i-posacem-i-presidentit-xi-jinping-luosang-jiangcun-do-te-marre-pjese-ne-ceremonite-e-inaugurimit-presidencial-te-xhibutit-dhe-ugandes\/\">\r\n                                    <img decoding=\"async\" src=\"https:\/\/globalizationinstitute.al\/wp-content\/uploads\/2026\/05\/1778062525401_709.webp\" alt=\"img\">\r\n                                <\/a>\r\n                            <\/div>\r\n                        \r\n                        <div class=\"sidebar__post-content\">\r\n                            <h5 class=\"title\"><a href=\"https:\/\/globalizationinstitute.al\/sq\/i-derguari-i-posacem-i-presidentit-xi-jinping-luosang-jiangcun-do-te-marre-pjese-ne-ceremonite-e-inaugurimit-presidencial-te-xhibutit-dhe-ugandes\/\">I d\u00ebrguari i posa\u00e7\u00ebm i<\/a><\/h5>\r\n                            <span class=\"date\">\r\n                                <i class=\"flaticon-time\"><\/i>6 Maj, 2026                            <\/span>\r\n                        <\/div>\r\n                    <\/div>\r\n\r\n            \r\n                    <div class=\"sidebar__post-item\">\r\n\r\n                                                    <div class=\"sidebar__post-thumb\">\r\n                                <a href=\"https:\/\/globalizationinstitute.al\/sq\/ministri-i-jashtem-i-kines-wang-yi-zhvillon-bisedime-me-homologun-e-tij-iranian\/\">\r\n                                    <img decoding=\"async\" src=\"https:\/\/globalizationinstitute.al\/wp-content\/uploads\/2026\/05\/1778062246432_929.webp\" alt=\"img\">\r\n                                <\/a>\r\n                            <\/div>\r\n                        \r\n                        <div class=\"sidebar__post-content\">\r\n                            <h5 class=\"title\"><a href=\"https:\/\/globalizationinstitute.al\/sq\/ministri-i-jashtem-i-kines-wang-yi-zhvillon-bisedime-me-homologun-e-tij-iranian\/\">Ministri i Jasht\u00ebm i Kin\u00ebs<\/a><\/h5>\r\n                            <span class=\"date\">\r\n                                <i class=\"flaticon-time\"><\/i>6 Maj, 2026                            <\/span>\r\n                        <\/div>\r\n                    <\/div>\r\n\r\n                    <\/div>\r\n\r\n        <\/div>\r\n    \t\t\t\t<\/div>\n\t\t\t\t<\/div>\n\t\t\t\t<\/div>\n\t\t\t\t\t<\/div>\n\t\t\t\t<\/div>\n\t\t\t\t<\/div>","protected":false},"excerpt":{"rendered":"<p>News &#038; Events News and Events Budapest Conference July 6, 2024 Continue Reading News and Events Regional forum on China-Western Balkan cooperation July 6, 2024 Continue Reading<\/p>","protected":false},"author":1,"featured_media":3466,"parent":0,"menu_order":0,"comment_status":"closed","ping_status":"closed","template":"elementor_header_footer","meta":{"_acf_changed":false,"footnotes":""},"class_list":["post-3851","page","type-page","status-publish","has-post-thumbnail","hentry"],"acf":[],"_links":{"self":[{"href":"https:\/\/globalizationinstitute.al\/sq\/wp-json\/wp\/v2\/pages\/3851","targetHints":{"allow":["GET"]}}],"collection":[{"href":"https:\/\/globalizationinstitute.al\/sq\/wp-json\/wp\/v2\/pages"}],"about":[{"href":"https:\/\/globalizationinstitute.al\/sq\/wp-json\/wp\/v2\/types\/page"}],"author":[{"embeddable":true,"href":"https:\/\/globalizationinstitute.al\/sq\/wp-json\/wp\/v2\/users\/1"}],"replies":[{"embeddable":true,"href":"https:\/\/globalizationinstitute.al\/sq\/wp-json\/wp\/v2\/comments?post=3851"}],"version-history":[{"count":4,"href":"https:\/\/globalizationinstitute.al\/sq\/wp-json\/wp\/v2\/pages\/3851\/revisions"}],"predecessor-version":[{"id":3855,"href":"https:\/\/globalizationinstitute.al\/sq\/wp-json\/wp\/v2\/pages\/3851\/revisions\/3855"}],"wp:featuredmedia":[{"embeddable":true,"href":"https:\/\/globalizationinstitute.al\/sq\/wp-json\/wp\/v2\/media\/3466"}],"wp:attachment":[{"href":"https:\/\/globalizationinstitute.al\/sq\/wp-json\/wp\/v2\/media?parent=3851"}],"curies":[{"name":"wp","href":"https:\/\/api.w.org\/{rel}","templated":true}]}}